{"id":5846,"date":"2025-03-31T10:48:13","date_gmt":"2025-03-31T14:48:13","guid":{"rendered":"https:\/\/jobel.ca\/?page_id=5846"},"modified":"2025-03-31T11:14:52","modified_gmt":"2025-03-31T15:14:52","slug":"youtube","status":"publish","type":"page","link":"https:\/\/jobel.ca\/en\/youtube\/","title":{"rendered":"JOBEL on YouTube"},"content":{"rendered":"<p><div class=\"fusion-fullwidth fullwidth-box fusion-builder-row-1 fusion-flex-container has-pattern-background has-mask-background nonhundred-percent-fullwidth non-hundred-percent-height-scrolling\" style=\"background-color: rgba(255,255,255,0);background-position: center center;background-repeat: no-repeat;border-width: 0px 0px 0px 0px;border-color:#eae9e9;border-style:solid;\" ><div class=\"fusion-builder-row fusion-row fusion-flex-align-items-flex-start\" style=\"max-width:1144px;margin-left: calc(-4% \/ 2 );margin-right: calc(-4% \/ 2 );\"><div class=\"fusion-layout-column fusion_builder_column fusion-builder-column-0 fusion_builder_column_1_2 1_2 fusion-flex-column\"><div class=\"fusion-column-wrapper fusion-flex-justify-content-flex-start fusion-content-layout-column\" style=\"background-position:left top;background-blend-mode: overlay;background-repeat:no-repeat;-webkit-background-size:cover;-moz-background-size:cover;-o-background-size:cover;background-size:cover;padding: 0px 0px 0px 0px;\"><style type=\"text\/css\">@media only screen and (max-width:1024px) {.fusion-title.fusion-title-1{margin-top:0px!important; margin-right:0px!important;margin-bottom:31px!important;margin-left:0px!important;}}@media only screen and (max-width:640px) {.fusion-title.fusion-title-1{margin-top:10px!important; margin-right:0px!important;margin-bottom:10px!important; margin-left:0px!important;}}<\/style><div class=\"fusion-title title fusion-title-1 fusion-sep-none fusion-title-text fusion-title-size-two\" style=\"margin-top:0px;margin-right:0px;margin-bottom:31px;margin-left:0px;\"><h2 class=\"title-heading-left\" style=\"margin:0;\"><h1 style=\"text-align: center;\">Discover JOBEL on YouTube<\/h1><\/h2><\/div><div class=\"fusion-text fusion-text-1 fusion-animated\" data-animationType=\"bounceInLeft\" data-animationDuration=\"1.0\" data-animationOffset=\"top-into-view\"><p><span style=\"color: #000000;\"><strong>To get started with JOBEL<\/strong><br \/>\n<\/span><span style=\"color: #000000;\">Discover numerous step-by-step video guides for each of JOBEL&#8217;s main features.<br \/>\n<\/span><\/p>\n<\/div><div style=\"text-align:center;\"><style>.fusion-imageframe.imageframe-1{ margin-top : 20px;}<\/style><span class=\" fusion-imageframe imageframe-none imageframe-1 hover-type-none\" style=\"max-width:150px;\"><a class=\"fusion-no-lightbox\" href=\"https:\/\/www.youtube.com\/playlist?list=PLMa_D4EvGMEIAb-RmX96CdFmvI55v-_zi\" target=\"_blank\" aria-label=\"yt_logo_rgb_light\" rel=\"noopener noreferrer\"><img decoding=\"async\" width=\"700\" height=\"157\" src=\"https:\/\/jobel.ca\/wp-content\/uploads\/2025\/02\/yt_logo_rgb_light-700x157.png\" alt class=\"img-responsive wp-image-5708\" srcset=\"https:\/\/jobel.ca\/wp-content\/uploads\/2025\/02\/yt_logo_rgb_light-200x45.png 200w, https:\/\/jobel.ca\/wp-content\/uploads\/2025\/02\/yt_logo_rgb_light-400x90.png 400w, https:\/\/jobel.ca\/wp-content\/uploads\/2025\/02\/yt_logo_rgb_light-600x135.png 600w, https:\/\/jobel.ca\/wp-content\/uploads\/2025\/02\/yt_logo_rgb_light.png 794w\" sizes=\"(max-width: 1024px) 100vw, (max-width: 640px) 100vw, 600px\" \/><\/a><\/span><\/div><div ><style>.fusion-imageframe.imageframe-2{ margin-top : 30px;margin-bottom : 30px;}<\/style><span class=\" fusion-imageframe imageframe-none imageframe-2 hover-type-none fusion-animated\" data-animationType=\"slideInRight\" data-animationDuration=\"1\" data-animationOffset=\"bottom-in-view\"><a class=\"fusion-no-lightbox\" href=\"https:\/\/www.youtube.com\/playlist?list=PLMa_D4EvGMEIAb-RmX96CdFmvI55v-_zi\" target=\"_blank\" aria-label=\"Screen_YouTube\" rel=\"noopener noreferrer\"><img decoding=\"async\" width=\"700\" height=\"379\" src=\"https:\/\/jobel.ca\/wp-content\/uploads\/2025\/03\/Screen_YouTube-700x379.png\" alt class=\"img-responsive wp-image-5818\" srcset=\"https:\/\/jobel.ca\/wp-content\/uploads\/2025\/03\/Screen_YouTube-200x108.png 200w, https:\/\/jobel.ca\/wp-content\/uploads\/2025\/03\/Screen_YouTube-400x216.png 400w, https:\/\/jobel.ca\/wp-content\/uploads\/2025\/03\/Screen_YouTube-600x325.png 600w, https:\/\/jobel.ca\/wp-content\/uploads\/2025\/03\/Screen_YouTube-800x433.png 800w, https:\/\/jobel.ca\/wp-content\/uploads\/2025\/03\/Screen_YouTube-1200x649.png 1200w, https:\/\/jobel.ca\/wp-content\/uploads\/2025\/03\/Screen_YouTube.png 1920w\" sizes=\"(max-width: 1024px) 100vw, (max-width: 640px) 100vw, 600px\" \/><\/a><\/span><\/div><\/div><style type=\"text\/css\">.fusion-body .fusion-builder-column-0{width:50% !important;margin-top : 0px;margin-bottom : 20px;}.fusion-builder-column-0 > .fusion-column-wrapper {padding-top : 0px !important;padding-right : 0px !important;margin-right : 3.84%;padding-bottom : 0px !important;padding-left : 0px !important;margin-left : 3.84%;}@media only screen and (max-width:1024px) {.fusion-body .fusion-builder-column-0{width:100% !important;order : 0;}.fusion-builder-column-0 > .fusion-column-wrapper {margin-right : 1.92%;margin-left : 1.92%;}}@media only screen and (max-width:640px) {.fusion-body .fusion-builder-column-0{width:100% !important;order : 0;}.fusion-builder-column-0 > .fusion-column-wrapper {margin-right : 1.92%;margin-left : 1.92%;}}<\/style><\/div><div class=\"fusion-layout-column fusion_builder_column fusion-builder-column-1 fusion_builder_column_1_2 1_2 fusion-flex-column\"><div class=\"fusion-column-wrapper fusion-flex-justify-content-flex-start fusion-content-layout-column\" style=\"background-position:left top;background-blend-mode: overlay;background-repeat:no-repeat;-webkit-background-size:cover;-moz-background-size:cover;-o-background-size:cover;background-size:cover;padding: 0px 0px 0px 0px;\"><style type=\"text\/css\">@media only screen and (max-width:1024px) {.fusion-title.fusion-title-2{margin-top:0px!important; margin-right:0px!important;margin-bottom:31px!important;margin-left:0px!important;}}@media only screen and (max-width:640px) {.fusion-title.fusion-title-2{margin-top:10px!important; margin-right:0px!important;margin-bottom:10px!important; margin-left:0px!important;}}<\/style><div class=\"fusion-title title fusion-title-2 fusion-sep-none fusion-title-text fusion-title-size-two\" style=\"margin-top:0px;margin-right:0px;margin-bottom:31px;margin-left:0px;\"><h2 class=\"title-heading-left\" style=\"margin:0;\"><h1 style=\"text-align: center;\">D\u00e9couvrez JOBEL sur YouTube<\/h1><\/h2><\/div><div class=\"fusion-text fusion-text-2 fusion-animated\" data-animationType=\"bounceInLeft\" data-animationDuration=\"1.0\" data-animationOffset=\"top-into-view\"><p><span style=\"color: #000000;\"><strong>Pour bien commencer avec JOBEL<\/strong><br \/>\n<\/span><span style=\"color: #000000;\">D\u00e9couvrez de nombreux guides vid\u00e9o \u00e9tape par \u00e9tape pour chacune des fonctions principales de JOBEL.<br \/>\n<\/span><\/p>\n<\/div><div style=\"text-align:center;\"><style>.fusion-imageframe.imageframe-3{ margin-top : 20px;}<\/style><span class=\" fusion-imageframe imageframe-none imageframe-3 hover-type-none\" style=\"max-width:150px;\"><a class=\"fusion-no-lightbox\" href=\"https:\/\/www.youtube.com\/playlist?list=PLMa_D4EvGMELsqTeR32Qk06rboZdWdHwp\" target=\"_blank\" aria-label=\"yt_logo_rgb_light\" rel=\"noopener noreferrer\"><img decoding=\"async\" width=\"700\" height=\"157\" src=\"https:\/\/jobel.ca\/wp-content\/uploads\/2025\/02\/yt_logo_rgb_light-700x157.png\" alt class=\"img-responsive wp-image-5708\" srcset=\"https:\/\/jobel.ca\/wp-content\/uploads\/2025\/02\/yt_logo_rgb_light-200x45.png 200w, https:\/\/jobel.ca\/wp-content\/uploads\/2025\/02\/yt_logo_rgb_light-400x90.png 400w, https:\/\/jobel.ca\/wp-content\/uploads\/2025\/02\/yt_logo_rgb_light-600x135.png 600w, https:\/\/jobel.ca\/wp-content\/uploads\/2025\/02\/yt_logo_rgb_light.png 794w\" sizes=\"(max-width: 1024px) 100vw, (max-width: 640px) 100vw, 600px\" \/><\/a><\/span><\/div><div ><style>.fusion-imageframe.imageframe-4{ margin-top : 30px;margin-bottom : 30px;}<\/style><span class=\" fusion-imageframe imageframe-none imageframe-4 hover-type-none fusion-animated\" data-animationType=\"slideInRight\" data-animationDuration=\"1\" data-animationOffset=\"bottom-in-view\"><a class=\"fusion-no-lightbox\" href=\"https:\/\/www.youtube.com\/playlist?list=PLMa_D4EvGMELsqTeR32Qk06rboZdWdHwp\" target=\"_blank\" aria-label=\"Screen_YouTube\" rel=\"noopener noreferrer\"><img decoding=\"async\" width=\"700\" height=\"379\" src=\"https:\/\/jobel.ca\/wp-content\/uploads\/2025\/03\/Screen_YouTube-700x379.png\" alt class=\"img-responsive wp-image-5818\" srcset=\"https:\/\/jobel.ca\/wp-content\/uploads\/2025\/03\/Screen_YouTube-200x108.png 200w, https:\/\/jobel.ca\/wp-content\/uploads\/2025\/03\/Screen_YouTube-400x216.png 400w, https:\/\/jobel.ca\/wp-content\/uploads\/2025\/03\/Screen_YouTube-600x325.png 600w, https:\/\/jobel.ca\/wp-content\/uploads\/2025\/03\/Screen_YouTube-800x433.png 800w, https:\/\/jobel.ca\/wp-content\/uploads\/2025\/03\/Screen_YouTube-1200x649.png 1200w, https:\/\/jobel.ca\/wp-content\/uploads\/2025\/03\/Screen_YouTube.png 1920w\" sizes=\"(max-width: 1024px) 100vw, (max-width: 640px) 100vw, 600px\" \/><\/a><\/span><\/div><\/div><style type=\"text\/css\">.fusion-body .fusion-builder-column-1{width:50% !important;margin-top : 0px;margin-bottom : 20px;}.fusion-builder-column-1 > .fusion-column-wrapper {padding-top : 0px !important;padding-right : 0px !important;margin-right : 3.84%;padding-bottom : 0px !important;padding-left : 0px !important;margin-left : 3.84%;}@media only screen and (max-width:1024px) {.fusion-body .fusion-builder-column-1{width:100% !important;order : 0;}.fusion-builder-column-1 > .fusion-column-wrapper {margin-right : 1.92%;margin-left : 1.92%;}}@media only screen and (max-width:640px) {.fusion-body .fusion-builder-column-1{width:100% !important;order : 0;}.fusion-builder-column-1 > .fusion-column-wrapper {margin-right : 1.92%;margin-left : 1.92%;}}<\/style><\/div><\/div><style type=\"text\/css\">.fusion-body .fusion-flex-container.fusion-builder-row-1{ padding-top : 0px;margin-top : 0px;padding-right : 0px;padding-bottom : 0px;margin-bottom : 0px;padding-left : 0px;}<\/style><\/div><div class=\"fusion-fullwidth fullwidth-box fusion-builder-row-2 fusion-flex-container has-pattern-background has-mask-background nonhundred-percent-fullwidth non-hundred-percent-height-scrolling\" style=\"background-color: #25aae1;background-position: center center;background-repeat: no-repeat;border-width: 0px 0px 0px 0px;border-color:#eae9e9;border-style:solid;\" ><div class=\"fusion-builder-row fusion-row fusion-flex-align-items-flex-start\" style=\"max-width:1144px;margin-left: calc(-4% \/ 2 );margin-right: calc(-4% \/ 2 );\"><div class=\"fusion-layout-column fusion_builder_column fusion-builder-column-2 fusion_builder_column_1_2 1_2 fusion-flex-column\"><div class=\"fusion-column-wrapper fusion-flex-justify-content-flex-start fusion-content-layout-column\" style=\"background-position:left top;background-repeat:no-repeat;-webkit-background-size:cover;-moz-background-size:cover;-o-background-size:cover;background-size:cover;padding: 0px 0px 0px 0px;\"><div class=\"fusion-text fusion-text-3\" style=\"color:#ffffff;\"><h1 style=\"text-align: center;\"><span style=\"color: #ffffff;\">Need help?<\/span><\/h1>\n<\/div><div style=\"text-align:center;\"><style>.fusion-body .fusion-button.button-1{border-radius:2px 2px 2px 2px;}<\/style><a class=\"fusion-button button-flat fusion-button-default-size button-default button-1 fusion-button-default-span fusion-button-default-type bordure-blanche\" target=\"_self\" href=\"https:\/\/jobel.ca\/en\/contact\/\" style=\"margin-top:40px;\"><span class=\"fusion-button-text\">Contact our team<\/span><\/a><\/div><\/div><style type=\"text\/css\">.fusion-body .fusion-builder-column-2{width:50% !important;margin-top : 0px;margin-bottom : 20px;}.fusion-builder-column-2 > .fusion-column-wrapper {padding-top : 0px !important;padding-right : 0px !important;margin-right : 3.84%;padding-bottom : 0px !important;padding-left : 0px !important;margin-left : 3.84%;}@media only screen and (max-width:1024px) {.fusion-body .fusion-builder-column-2{width:100% !important;order : 0;}.fusion-builder-column-2 > .fusion-column-wrapper {margin-right : 1.92%;margin-left : 1.92%;}}@media only screen and (max-width:640px) {.fusion-body .fusion-builder-column-2{width:100% !important;order : 0;}.fusion-builder-column-2 > .fusion-column-wrapper {margin-right : 1.92%;margin-left : 1.92%;}}<\/style><\/div><div class=\"fusion-layout-column fusion_builder_column fusion-builder-column-3 fusion_builder_column_1_2 1_2 fusion-flex-column\"><div class=\"fusion-column-wrapper fusion-flex-justify-content-flex-start fusion-content-layout-column\" style=\"background-position:left top;background-repeat:no-repeat;-webkit-background-size:cover;-moz-background-size:cover;-o-background-size:cover;background-size:cover;padding: 0px 0px 0px 0px;\"><div class=\"fusion-text fusion-text-4\" style=\"color:#ffffff;\"><h1 style=\"text-align: center;\"><span style=\"color: #ffffff;\">Besoin d&#8217;aide?<\/span><\/h1>\n<\/div><div style=\"text-align:center;\"><style>.fusion-body .fusion-button.button-2{border-radius:2px 2px 2px 2px;}<\/style><a class=\"fusion-button button-flat fusion-button-default-size button-default button-2 fusion-button-default-span fusion-button-default-type bordure-blanche\" target=\"_self\" href=\"https:\/\/jobel.ca\/en\/contact\/\" style=\"margin-top:40px;\"><span class=\"fusion-button-text\">Contactez notre \u00e9quipe<\/span><\/a><\/div><\/div><style type=\"text\/css\">.fusion-body .fusion-builder-column-3{width:50% !important;margin-top : 0px;margin-bottom : 20px;}.fusion-builder-column-3 > .fusion-column-wrapper {padding-top : 0px !important;padding-right : 0px !important;margin-right : 3.84%;padding-bottom : 0px !important;padding-left : 0px !important;margin-left : 3.84%;}@media only screen and (max-width:1024px) {.fusion-body .fusion-builder-column-3{width:100% !important;order : 0;}.fusion-builder-column-3 > .fusion-column-wrapper {margin-right : 1.92%;margin-left : 1.92%;}}@media only screen and (max-width:640px) {.fusion-body .fusion-builder-column-3{width:100% !important;order : 0;}.fusion-builder-column-3 > .fusion-column-wrapper {margin-right : 1.92%;margin-left : 1.92%;}}<\/style><\/div><\/div><style type=\"text\/css\">.fusion-body .fusion-flex-container.fusion-builder-row-2{ padding-top : 80px;margin-top : 0px;padding-right : 18px;padding-bottom : 80px;margin-bottom : 0px;padding-left : 18px;}@media only screen and (max-width:640px) {.fusion-body .fusion-flex-container.fusion-builder-row-2{ padding-top : 9px;padding-bottom : 30px;}}<\/style><\/div><\/p>\n","protected":false},"excerpt":{"rendered":"","protected":false},"author":3,"featured_media":0,"parent":0,"menu_order":0,"comment_status":"closed","ping_status":"closed","template":"100-width.php","meta":{"_acf_changed":false,"inline_featured_image":false,"footnotes":""},"acf":[],"yoast_head":"<!-- This site is optimized with the Yoast SEO plugin v23.7 - https:\/\/yoast.com\/wordpress\/plugins\/seo\/ -->\n<title>Discover JOBEL on YouTube<\/title>\n<meta name=\"description\" content=\"Discover numerous step-by-step video guides for each of JOBEL&#039;s main features.\" \/>\n<meta name=\"robots\" content=\"index, follow, max-snippet:-1, max-image-preview:large, max-video-preview:-1\" \/>\n<link rel=\"canonical\" href=\"https:\/\/jobel.ca\/en\/youtube\/\" \/>\n<meta property=\"og:locale\" content=\"en_US\" \/>\n<meta property=\"og:type\" content=\"article\" \/>\n<meta property=\"og:title\" content=\"Discover JOBEL on YouTube\" \/>\n<meta property=\"og:description\" content=\"Discover numerous step-by-step video guides for each of JOBEL&#039;s main features.\" \/>\n<meta property=\"og:url\" content=\"https:\/\/jobel.ca\/en\/youtube\/\" \/>\n<meta property=\"og:site_name\" content=\"Jobel\" \/>\n<meta property=\"article:publisher\" content=\"https:\/\/www.facebook.com\/JOBEL.ELOG\/\" \/>\n<meta property=\"article:modified_time\" content=\"2025-03-31T15:14:52+00:00\" \/>\n<meta name=\"twitter:card\" content=\"summary_large_image\" \/>\n<meta name=\"twitter:label1\" content=\"Est. reading time\" \/>\n\t<meta name=\"twitter:data1\" content=\"9 minutes\" \/>\n<script type=\"application\/ld+json\" class=\"yoast-schema-graph\">{\"@context\":\"https:\/\/schema.org\",\"@graph\":[{\"@type\":\"WebPage\",\"@id\":\"https:\/\/jobel.ca\/en\/youtube\/\",\"url\":\"https:\/\/jobel.ca\/en\/youtube\/\",\"name\":\"Discover JOBEL on YouTube\",\"isPartOf\":{\"@id\":\"https:\/\/jobel.ca\/#website\"},\"datePublished\":\"2025-03-31T14:48:13+00:00\",\"dateModified\":\"2025-03-31T15:14:52+00:00\",\"description\":\"Discover numerous step-by-step video guides for each of JOBEL's main features.\",\"breadcrumb\":{\"@id\":\"https:\/\/jobel.ca\/en\/youtube\/#breadcrumb\"},\"inLanguage\":\"en-US\",\"potentialAction\":[{\"@type\":\"ReadAction\",\"target\":[\"https:\/\/jobel.ca\/en\/youtube\/\"]}]},{\"@type\":\"BreadcrumbList\",\"@id\":\"https:\/\/jobel.ca\/en\/youtube\/#breadcrumb\",\"itemListElement\":[{\"@type\":\"ListItem\",\"position\":1,\"name\":\"Accueil\",\"item\":\"https:\/\/jobel.ca\/en\/\"},{\"@type\":\"ListItem\",\"position\":2,\"name\":\"JOBEL on YouTube\"}]},{\"@type\":\"WebSite\",\"@id\":\"https:\/\/jobel.ca\/#website\",\"url\":\"https:\/\/jobel.ca\/\",\"name\":\"Jobel\",\"description\":\"A user-friendly electronic logbook\",\"publisher\":{\"@id\":\"https:\/\/jobel.ca\/#organization\"},\"potentialAction\":[{\"@type\":\"SearchAction\",\"target\":{\"@type\":\"EntryPoint\",\"urlTemplate\":\"https:\/\/jobel.ca\/?s={search_term_string}\"},\"query-input\":{\"@type\":\"PropertyValueSpecification\",\"valueRequired\":true,\"valueName\":\"search_term_string\"}}],\"inLanguage\":\"en-US\"},{\"@type\":\"Organization\",\"@id\":\"https:\/\/jobel.ca\/#organization\",\"name\":\"Regroupement des p\u00eacheurs professionnels du sud de la Gasp\u00e9sie\",\"url\":\"https:\/\/jobel.ca\/\",\"logo\":{\"@type\":\"ImageObject\",\"inLanguage\":\"en-US\",\"@id\":\"https:\/\/jobel.ca\/#\/schema\/logo\/image\/\",\"url\":\"https:\/\/jobel.ca\/wp-content\/uploads\/2016\/08\/favicon.png\",\"contentUrl\":\"https:\/\/jobel.ca\/wp-content\/uploads\/2016\/08\/favicon.png\",\"width\":512,\"height\":512,\"caption\":\"Regroupement des p\u00eacheurs professionnels du sud de la Gasp\u00e9sie\"},\"image\":{\"@id\":\"https:\/\/jobel.ca\/#\/schema\/logo\/image\/\"},\"sameAs\":[\"https:\/\/www.facebook.com\/JOBEL.ELOG\/\"]}]}<\/script>\n<!-- \/ Yoast SEO plugin. -->","yoast_head_json":{"title":"Discover JOBEL on YouTube","description":"Discover numerous step-by-step video guides for each of JOBEL's main features.","robots":{"index":"index","follow":"follow","max-snippet":"max-snippet:-1","max-image-preview":"max-image-preview:large","max-video-preview":"max-video-preview:-1"},"canonical":"https:\/\/jobel.ca\/en\/youtube\/","og_locale":"en_US","og_type":"article","og_title":"Discover JOBEL on YouTube","og_description":"Discover numerous step-by-step video guides for each of JOBEL's main features.","og_url":"https:\/\/jobel.ca\/en\/youtube\/","og_site_name":"Jobel","article_publisher":"https:\/\/www.facebook.com\/JOBEL.ELOG\/","article_modified_time":"2025-03-31T15:14:52+00:00","twitter_card":"summary_large_image","twitter_misc":{"Est. reading time":"9 minutes"},"schema":{"@context":"https:\/\/schema.org","@graph":[{"@type":"WebPage","@id":"https:\/\/jobel.ca\/en\/youtube\/","url":"https:\/\/jobel.ca\/en\/youtube\/","name":"Discover JOBEL on YouTube","isPartOf":{"@id":"https:\/\/jobel.ca\/#website"},"datePublished":"2025-03-31T14:48:13+00:00","dateModified":"2025-03-31T15:14:52+00:00","description":"Discover numerous step-by-step video guides for each of JOBEL's main features.","breadcrumb":{"@id":"https:\/\/jobel.ca\/en\/youtube\/#breadcrumb"},"inLanguage":"en-US","potentialAction":[{"@type":"ReadAction","target":["https:\/\/jobel.ca\/en\/youtube\/"]}]},{"@type":"BreadcrumbList","@id":"https:\/\/jobel.ca\/en\/youtube\/#breadcrumb","itemListElement":[{"@type":"ListItem","position":1,"name":"Accueil","item":"https:\/\/jobel.ca\/en\/"},{"@type":"ListItem","position":2,"name":"JOBEL on YouTube"}]},{"@type":"WebSite","@id":"https:\/\/jobel.ca\/#website","url":"https:\/\/jobel.ca\/","name":"Jobel","description":"A user-friendly electronic logbook","publisher":{"@id":"https:\/\/jobel.ca\/#organization"},"potentialAction":[{"@type":"SearchAction","target":{"@type":"EntryPoint","urlTemplate":"https:\/\/jobel.ca\/?s={search_term_string}"},"query-input":{"@type":"PropertyValueSpecification","valueRequired":true,"valueName":"search_term_string"}}],"inLanguage":"en-US"},{"@type":"Organization","@id":"https:\/\/jobel.ca\/#organization","name":"Regroupement des p\u00eacheurs professionnels du sud de la Gasp\u00e9sie","url":"https:\/\/jobel.ca\/","logo":{"@type":"ImageObject","inLanguage":"en-US","@id":"https:\/\/jobel.ca\/#\/schema\/logo\/image\/","url":"https:\/\/jobel.ca\/wp-content\/uploads\/2016\/08\/favicon.png","contentUrl":"https:\/\/jobel.ca\/wp-content\/uploads\/2016\/08\/favicon.png","width":512,"height":512,"caption":"Regroupement des p\u00eacheurs professionnels du sud de la Gasp\u00e9sie"},"image":{"@id":"https:\/\/jobel.ca\/#\/schema\/logo\/image\/"},"sameAs":["https:\/\/www.facebook.com\/JOBEL.ELOG\/"]}]}},"_links":{"self":[{"href":"https:\/\/jobel.ca\/en\/wp-json\/wp\/v2\/pages\/5846"}],"collection":[{"href":"https:\/\/jobel.ca\/en\/wp-json\/wp\/v2\/pages"}],"about":[{"href":"https:\/\/jobel.ca\/en\/wp-json\/wp\/v2\/types\/page"}],"author":[{"embeddable":true,"href":"https:\/\/jobel.ca\/en\/wp-json\/wp\/v2\/users\/3"}],"replies":[{"embeddable":true,"href":"https:\/\/jobel.ca\/en\/wp-json\/wp\/v2\/comments?post=5846"}],"version-history":[{"count":4,"href":"https:\/\/jobel.ca\/en\/wp-json\/wp\/v2\/pages\/5846\/revisions"}],"predecessor-version":[{"id":5851,"href":"https:\/\/jobel.ca\/en\/wp-json\/wp\/v2\/pages\/5846\/revisions\/5851"}],"wp:attachment":[{"href":"https:\/\/jobel.ca\/en\/wp-json\/wp\/v2\/media?parent=5846"}],"curies":[{"name":"wp","href":"https:\/\/api.w.org\/{rel}","templated":true}]}}